{"id":2985,"date":"2023-08-28T15:37:24","date_gmt":"2023-08-28T12:37:24","guid":{"rendered":"https:\/\/pulp.fi\/?page_id=2985"},"modified":"2025-11-04T15:31:00","modified_gmt":"2025-11-04T13:31:00","slug":"tietosuojaseloste","status":"publish","type":"page","link":"https:\/\/pulp.fi\/en\/tietosuojaseloste\/","title":{"rendered":"Privacy Notice"},"content":{"rendered":"<div data-elementor-type=\"wp-page\" data-elementor-id=\"2985\" class=\"elementor elementor-2985\" data-elementor-post-type=\"page\">\n\t\t\t\t\t\t<section class=\"elementor-section elementor-top-section elementor-element elementor-element-a929625 elementor-section-boxed elementor-section-height-default elementor-section-height-default\" data-id=\"a929625\" data-element_type=\"section\">\n\t\t\t\t\t\t<div class=\"elementor-container elementor-column-gap-default\">\n\t\t\t\t\t<div class=\"elementor-column elementor-col-100 elementor-top-column elementor-element elementor-element-1704a41\" data-id=\"1704a41\" data-element_type=\"column\">\n\t\t\t<div class=\"elementor-widget-wrap elementor-element-populated\">\n\t\t\t\t\t\t<div class=\"elementor-element elementor-element-d5cea5d elementor-widget elementor-widget-heading\" data-id=\"d5cea5d\" data-element_type=\"widget\" data-widget_type=\"heading.default\">\n\t\t\t\t<div class=\"elementor-widget-container\">\n\t\t\t\t\t<h2 class=\"elementor-heading-title elementor-size-default\">Privacy Notice<\/h2>\t\t\t\t<\/div>\n\t\t\t\t<\/div>\n\t\t\t\t<div class=\"elementor-element elementor-element-16004df elementor-widget elementor-widget-text-editor\" data-id=\"16004df\" data-element_type=\"widget\" data-widget_type=\"text-editor.default\">\n\t\t\t\t<div class=\"elementor-widget-container\">\n\t\t\t\t\t\t\t\t\t<h5>\u00a01. Registrar<\/h5><p>Name: Pulp Agency Ltd<br \/>Business ID: 2820562-2<br \/>Address: Veneentekij\u00e4ntie 2<br \/>Postal code: 00210<br \/>Postal district: HELSINKI<br \/>Phone number: +358 40 7464419<br \/>Email: kari.haapalainen@pulp.fi<\/p><h5>2. Designated person<\/h5><p>Company: Pulp Agency Ltd<br \/>Name: Kari Haapalainen<br \/>Address: Veneentekij\u00e4ntie 2<br \/>Postal code: 00210<br \/>Postal district: HELSINKI<br \/>Phone number: +358 40 7464419<br \/>Email: kari.haapalainen@pulp.fi<\/p><h5>3. Data Protection Officer<\/h5><p>Company: Pulp Agency Ltd<br \/>Name: Kari Haapalainen<br \/>Address: Veneentekij\u00e4ntie 2<br \/>Postal code: 00210<br \/>Postal district: HELSINKI<br \/>Phone number: +358 40 7464419<br \/>Email: kari.haapalainen@pulp.fi<\/p><h5>4. Purpose of the register<\/h5><p>The collected personal data is used:<br \/>For customer identification and access rights management. For delivering orders to registered users and maintaining and developing customer relationships.<\/p><h5>5. Basis for data collection and processing<\/h5><p>Customer data is collected and processed with the customer's consent, or to fulfill a contract with the customer.<\/p><h5>6. Content of the register<\/h5><p>Yrityksen nimi, Y-Tunnus, S\u00e4hk\u00f6postiosoite, Nimi, Puhelinnumero.<\/p><h5>7. Data retention period<\/h5><p>Personal data is retained as long as it is necessary to fulfill the contract with the customer or to develop customer service.<\/p><h5>8. Regular data sources<\/h5><p>Information is collected in the register:<br \/>From the person themselves. Keeping records by the authority within the limits allowed by law (f.ex. ytj.fi). Information is also collected using the Google Analytics tool.<\/p><h5>9. Regular data disclosures and data transfers outside the EU or the European Economic Area<\/h5><p>Information is not regularly disclosed outside the company. Some of the external service or software providers used by the company may store data outside the EU or the European Economic Area.<\/p><h5>10. Use of cookies<\/h5><p>We use cookie functionality on our site. A cookie is a small text file sent to the user's computer and stored there, which allows the website administrator to identify frequent visitors, facilitate visitor logins, and compile aggregate information about visitors. With this feedback, we are able to continuously improve the content of our pages. Cookies do not harm users' computers or files. We use them in such a way that we can provide our customers with information and services tailored to their individual needs.<\/p><p>If a user visiting our site does not want us to receive the aforementioned information via cookies, most browser programs allow the cookie function to be disabled. This usually happens through the browser settings. However, it is important to consider that cookies may be necessary for the proper functioning of some of the pages we maintain and the services we offer.<\/p><h5>11. Protection of the register<\/h5><p>The data is transmitted over an SSL-secured connection.<br \/>Electronic data is protected by a firewall, usernames, and passwords.<br \/>Access to the data is only granted to those employees of the data controller who need the information for their duties.<\/p><h5>12. Automatic decision-making<\/h5><p>Automated individual decisions (Article 22 of the EU General Data Protection Regulation) are not made.<\/p><h5>13. Rights of the data subject<\/h5><p>The data subject has the right to check what information concerning them has been stored in the personal data register. A written request for inspection must be sent, signed, to the person responsible for registry matters. The right to inspection is free of charge if conducted no more than once a year.<\/p><p>The data subject has the right to request the correction or deletion of inaccurate or outdated data, or the transfer of data from one system to another. He also has the right to restrict or object to the processing of his data in accordance with the EU General Data Protection Regulation.<\/p><p>The data subject has the right to withdraw their previously given consent to data processing or to file a complaint with the supervisory authority regarding matters related to the processing of their personal data. The data subject also has the right to object to the use of their data for direct marketing purposes.<\/p>\t\t\t\t\t\t\t\t<\/div>\n\t\t\t\t<\/div>\n\t\t\t\t\t<\/div>\n\t\t<\/div>\n\t\t\t\t\t<\/div>\n\t\t<\/section>\n\t\t\t\t<\/div>","protected":false},"excerpt":{"rendered":"<p>Tietosuojaseloste \u00a01. Rekisterinpit\u00e4j\u00e4 Nimi: Pulp Agency OyY-tunnus: 2820562-2Osoite: Veneentekij\u00e4ntie 2Postinumero: 00210Postitoimipaikka: HELSINKIPuhelinnumero: +358 40 7464419S\u00e4hk\u00f6postiosoite: kari.haapalainen@pulp.fi 2. Rekisteriasioita hoitava henkil\u00f6 Yritys: Pulp Agency OyNimi: Kari HaapalainenOsoite: Veneentekij\u00e4ntie 2Postinumero: 00210Postitoimipaikka: HELSINKIPuhelinnumero: +358 40 7464419S\u00e4hk\u00f6posti: kari.haapalainen@pulp.fi 3. Tietosuojavastaava Yritys: Pulp Agency OyNimi: Kari HaapalainenOsoite: Veneentekij\u00e4ntie 2Postinumero: 00210Postitoimipaikka: HELSINKIPuhelinnumero: +358 40 7464419S\u00e4hk\u00f6posti: kari.haapalainen@pulp.fi 4. Rekisterin k\u00e4ytt\u00f6tarkoitus Ker\u00e4tt\u00e4vi\u00e4 henkil\u00f6tietoja [&hellip;]<\/p>","protected":false},"author":3,"featured_media":0,"parent":0,"menu_order":20,"comment_status":"closed","ping_status":"closed","template":"","meta":{"_acf_changed":false,"footnotes":""},"class_list":["post-2985","page","type-page","status-publish","hentry"],"acf":[],"_links":{"self":[{"href":"https:\/\/pulp.fi\/en\/wp-json\/wp\/v2\/pages\/2985","targetHints":{"allow":["GET"]}}],"collection":[{"href":"https:\/\/pulp.fi\/en\/wp-json\/wp\/v2\/pages"}],"about":[{"href":"https:\/\/pulp.fi\/en\/wp-json\/wp\/v2\/types\/page"}],"author":[{"embeddable":true,"href":"https:\/\/pulp.fi\/en\/wp-json\/wp\/v2\/users\/3"}],"replies":[{"embeddable":true,"href":"https:\/\/pulp.fi\/en\/wp-json\/wp\/v2\/comments?post=2985"}],"version-history":[{"count":19,"href":"https:\/\/pulp.fi\/en\/wp-json\/wp\/v2\/pages\/2985\/revisions"}],"predecessor-version":[{"id":5457,"href":"https:\/\/pulp.fi\/en\/wp-json\/wp\/v2\/pages\/2985\/revisions\/5457"}],"wp:attachment":[{"href":"https:\/\/pulp.fi\/en\/wp-json\/wp\/v2\/media?parent=2985"}],"curies":[{"name":"wp","href":"https:\/\/api.w.org\/{rel}","templated":true}]}}