{"id":173,"date":"2020-04-08T11:01:03","date_gmt":"2020-04-08T08:01:03","guid":{"rendered":"https:\/\/pulp.fi\/?page_id=173"},"modified":"2025-10-14T13:35:25","modified_gmt":"2025-10-14T10:35:25","slug":"rekry","status":"publish","type":"page","link":"https:\/\/pulp.fi\/en\/rekry\/","title":{"rendered":"Join us"},"content":{"rendered":"<div data-elementor-type=\"wp-page\" data-elementor-id=\"173\" class=\"elementor elementor-173\" data-elementor-post-type=\"page\">\n\t\t\t\t\t\t<section class=\"elementor-section elementor-top-section elementor-element elementor-element-742e731d elementor-section-height-min-height elementor-section-boxed elementor-section-height-default elementor-section-items-middle\" data-id=\"742e731d\" data-element_type=\"section\" data-settings=\"{&quot;background_background&quot;:&quot;classic&quot;,&quot;background_motion_fx_motion_fx_scrolling&quot;:&quot;yes&quot;,&quot;background_motion_fx_translateY_effect&quot;:&quot;yes&quot;,&quot;background_motion_fx_translateY_direction&quot;:&quot;negative&quot;,&quot;background_motion_fx_translateY_speed&quot;:{&quot;unit&quot;:&quot;px&quot;,&quot;size&quot;:4,&quot;sizes&quot;:[]},&quot;background_motion_fx_translateY_affectedRange&quot;:{&quot;unit&quot;:&quot;%&quot;,&quot;size&quot;:&quot;&quot;,&quot;sizes&quot;:{&quot;start&quot;:0,&quot;end&quot;:100}},&quot;background_motion_fx_devices&quot;:[&quot;desktop&quot;,&quot;tablet&quot;,&quot;mobile&quot;]}\">\n\t\t\t\t\t\t\t<div class=\"elementor-background-overlay\"><\/div>\n\t\t\t\t\t\t\t<div class=\"elementor-container elementor-column-gap-default\">\n\t\t\t\t\t<div class=\"elementor-column elementor-col-100 elementor-top-column elementor-element elementor-element-6d9490f7\" data-id=\"6d9490f7\" data-element_type=\"column\">\n\t\t\t<div class=\"elementor-widget-wrap elementor-element-populated\">\n\t\t\t\t\t\t<section class=\"elementor-section elementor-inner-section elementor-element elementor-element-4bb4633c elementor-section-boxed elementor-section-height-default elementor-section-height-default\" data-id=\"4bb4633c\" data-element_type=\"section\">\n\t\t\t\t\t\t<div class=\"elementor-container elementor-column-gap-default\">\n\t\t\t\t\t<div class=\"elementor-column elementor-col-100 elementor-inner-column elementor-element elementor-element-1c6dcc93\" data-id=\"1c6dcc93\" data-element_type=\"column\">\n\t\t\t<div class=\"elementor-widget-wrap elementor-element-populated\">\n\t\t\t\t\t\t<div class=\"elementor-element elementor-element-5c7062a6 elementor-widget elementor-widget-heading\" data-id=\"5c7062a6\" data-element_type=\"widget\" data-widget_type=\"heading.default\">\n\t\t\t\t<div class=\"elementor-widget-container\">\n\t\t\t\t\t<h2 class=\"elementor-heading-title elementor-size-default\">TULE MEILLE T\u00d6IHIN<\/h2>\t\t\t\t<\/div>\n\t\t\t\t<\/div>\n\t\t\t\t\t<\/div>\n\t\t<\/div>\n\t\t\t\t\t<\/div>\n\t\t<\/section>\n\t\t\t\t\t<\/div>\n\t\t<\/div>\n\t\t\t\t\t<\/div>\n\t\t<\/section>\n\t\t\t\t<section class=\"elementor-section elementor-top-section elementor-element elementor-element-0213ae7 elementor-section-boxed elementor-section-height-default elementor-section-height-default elementor-invisible\" data-id=\"0213ae7\" data-element_type=\"section\" data-settings=\"{&quot;animation&quot;:&quot;fadeInUp&quot;}\">\n\t\t\t\t\t\t<div class=\"elementor-container elementor-column-gap-default\">\n\t\t\t\t\t<div class=\"elementor-column elementor-col-100 elementor-top-column elementor-element elementor-element-21ea8f2\" data-id=\"21ea8f2\" data-element_type=\"column\">\n\t\t\t<div class=\"elementor-widget-wrap elementor-element-populated\">\n\t\t\t\t\t\t<section class=\"elementor-section elementor-inner-section elementor-element elementor-element-259b040 elementor-section-boxed elementor-section-height-default elementor-section-height-default\" data-id=\"259b040\" data-element_type=\"section\">\n\t\t\t\t\t\t<div class=\"elementor-container elementor-column-gap-default\">\n\t\t\t\t\t<div class=\"elementor-column elementor-col-100 elementor-inner-column elementor-element elementor-element-15ebbc2\" data-id=\"15ebbc2\" data-element_type=\"column\">\n\t\t\t<div class=\"elementor-widget-wrap elementor-element-populated\">\n\t\t\t\t\t\t<div class=\"elementor-element elementor-element-3691b98 h2 elementor-widget elementor-widget-heading\" data-id=\"3691b98\" data-element_type=\"widget\" data-widget_type=\"heading.default\">\n\t\t\t\t<div class=\"elementor-widget-container\">\n\t\t\t\t\t<h2 class=\"elementor-heading-title elementor-size-xl\">sinustako pulpilainen?<\/h2>\t\t\t\t<\/div>\n\t\t\t\t<\/div>\n\t\t\t\t<div class=\"elementor-element elementor-element-1527ef1 elementor-widget elementor-widget-text-editor\" data-id=\"1527ef1\" data-element_type=\"widget\" data-widget_type=\"text-editor.default\">\n\t\t\t\t<div class=\"elementor-widget-container\">\n\t\t\t\t\t\t\t\t\t<p>Haemme jatkuvasti uusia lahjakkaita ty\u00f6ntekij\u00f6it\u00e4 palvelukseemme niin kokoaikaiseen suhteeseen kuin freelancereiksi erilaisiin teht\u00e4viin.<\/p><p>Kerro mik\u00e4 on juuri sinun supervoimasi, ja miksi soveltuisit hyvin dynaamiseen ja alati uusia haasteita tarjoavaan ty\u00f6ymp\u00e4rist\u00f6\u00f6n Suomen johtavassa vaikuttavien kohtaamisten tapahtumatoimistossa \u2013 ja voit saada paikan alan n\u00e4k\u00f6alapaikalta!<\/p><p>L\u00e4het\u00e4 vapaa hakemuksesi\u00a0<span style=\"color: var( --e-global-color-text ); font-family: var( --e-global-typography-primary-font-family ), Sans-serif; font-size: 1rem; font-weight: var( --e-global-typography-primary-font-weight );\">osoitteeseen\u00a0<\/span><a style=\"font-family: var( --e-global-typography-primary-font-family ), Sans-serif; font-size: 1rem; background-color: #ffffff; color: #1155cc;\" href=\"mailto:rekry@pulp.fi\" target=\"_blank\" rel=\"noopener\">rekry@pulp.fi<\/a><\/p>\t\t\t\t\t\t\t\t<\/div>\n\t\t\t\t<\/div>\n\t\t\t\t<div class=\"elementor-element elementor-element-bbf6db1 elementor-widget-divider--view-line elementor-widget elementor-widget-divider\" data-id=\"bbf6db1\" data-element_type=\"widget\" data-widget_type=\"divider.default\">\n\t\t\t\t<div class=\"elementor-widget-container\">\n\t\t\t\t\t\t\t<div class=\"elementor-divider\">\n\t\t\t<span class=\"elementor-divider-separator\">\n\t\t\t\t\t\t<\/span>\n\t\t<\/div>\n\t\t\t\t\t\t<\/div>\n\t\t\t\t<\/div>\n\t\t\t\t<div class=\"elementor-element elementor-element-e429619 h2 elementor-widget elementor-widget-heading\" data-id=\"e429619\" data-element_type=\"widget\" data-widget_type=\"heading.default\">\n\t\t\t\t<div class=\"elementor-widget-container\">\n\t\t\t\t\t<h2 class=\"elementor-heading-title elementor-size-default\"><span style=\"font-family: var( --e-global-typography-primary-font-family ), Sans-serif;font-size: 1.4rem;font-weight: var( --e-global-typography-primary-font-weight );text-transform: none;color: #445C4F\">Haemme asiakaspalvelijoita ja myyji\u00e4 kasvavaan promoottorien joukkoomme<\/span><\/h2>\t\t\t\t<\/div>\n\t\t\t\t<\/div>\n\t\t\t\t<div class=\"elementor-element elementor-element-f15c3e1 elementor-widget__width-initial elementor-widget elementor-widget-text-editor\" data-id=\"f15c3e1\" data-element_type=\"widget\" data-widget_type=\"text-editor.default\">\n\t\t\t\t<div class=\"elementor-widget-container\">\n\t\t\t\t\t\t\t\t\t<p><span style=\"font-family: var( --e-global-typography-primary-font-family ), Sans-serif; font-size: 1rem;\">Etsimme reippaita ja myyntihenkisi\u00e4 tekij\u00f6it\u00e4 projektit\u00f6ihin Suomen johtavien br\u00e4ndien parissa. Jos olet kiinnostunut asiakaspalveluty\u00f6st\u00e4 ja olet luonteeltasi&nbsp;<\/span><span style=\"font-family: var( --e-global-typography-primary-font-family ), Sans-serif; font-size: 1rem;\">tuloshenkinen t\u00e4m\u00e4 ty\u00f6 on kuin tehty sinulle.&nbsp;<\/span><\/p>\n<p>Menesty\u00e4ksesi teht\u00e4viss\u00e4 olet tuumasta toimeen -tyyppi, jolta ei positiivista asennetta ja ongelmanratkaisukyky\u00e4 puutu. Olet haka sosiaalisissa tilanteissa ja osaat vilpitt\u00f6m\u00e4sti kuunnella asiakasta ja h\u00e4nen tarpeitaan. Aiempi kokemus alalta ei ole v\u00e4ltt\u00e4m\u00e4t\u00f6nt\u00e4, sill\u00e4 koulutamme sinut teht\u00e4viin. T\u00e4rkeint\u00e4 on asenne ja luontainen kiinnostuksesi ty\u00f6st\u00e4 asiakaspinnassa. Tarjoamme kilpailukykyisen palkkauksen ja ty\u00f6ilmapiirin, jossa on draivia.<\/p>\n<p>Mik\u00e4li kiinnostuit ja tunnistit itsesi ilmoituksemme tyypiksi t\u00e4yt\u00e4 hakemuslomakkeemme samantien ja hypp\u00e4\u00e4 mukaan!<\/p>\n<div>\n<div style=\"color: #222222; font-family: Arial, Helvetica, sans-serif; font-size: small;\"><span style=\"font-weight: normal;\"><a style=\"background-color: #ffffff; font-family: &#039;IBM Plex Sans&#039;, sans-serif; font-size: 16px;\" href=\"https:\/\/forms.gle\/NYNFvFCtjauZKMMh6\" target=\"_blank\" rel=\"noopener\" data-saferedirecturl=\"https:\/\/www.google.com\/url?q=https:\/\/forms.gle\/NYNFvFCtjauZKMMh6&amp;source=gmail&amp;ust=1666072701436000&amp;usg=AOvVaw2Wx70jyFXUuniB-1va1lsF\">Klikkaa hakemukseen t\u00e4st\u00e4!<\/a><span style=\"color: #000000; font-family: 'IBM Plex Sans', sans-serif; font-size: 16px;\"><br><\/span><\/span><\/div>\n<div style=\"color: #222222; font-family: Arial, Helvetica, sans-serif; font-size: small;\"><span style=\"color: #000000; font-family: 'IBM Plex Sans', sans-serif; font-size: 16px;\">&nbsp;<\/span><\/div>\n<div style=\"color: #222222; font-family: Arial, Helvetica, sans-serif; font-size: small;\"><span style=\"color: #000000; font-family: 'IBM Plex Sans', sans-serif; font-size: 16px;\">&nbsp;Hakiessasi promottoriksi, l\u00e4het\u00e4 yst\u00e4v\u00e4llisesti lomakkeen j\u00e4lkeen viel\u00e4 kuvasi otsikolla &#8221;Pulpilaiseksi NIMI&#8221; osoitteeseen&nbsp;<a style=\"color: #1155cc;\" href=\"mailto:rekry@pulp.fi\" target=\"_blank\" rel=\"noopener\">rekry@pulp.fi<\/a><\/span><\/div>\n<\/div>\t\t\t\t\t\t\t\t<\/div>\n\t\t\t\t<\/div>\n\t\t\t\t<div class=\"elementor-element elementor-element-b6a5cef elementor-widget-divider--view-line elementor-widget elementor-widget-divider\" data-id=\"b6a5cef\" data-element_type=\"widget\" data-widget_type=\"divider.default\">\n\t\t\t\t<div class=\"elementor-widget-container\">\n\t\t\t\t\t\t\t<div class=\"elementor-divider\">\n\t\t\t<span class=\"elementor-divider-separator\">\n\t\t\t\t\t\t<\/span>\n\t\t<\/div>\n\t\t\t\t\t\t<\/div>\n\t\t\t\t<\/div>\n\t\t\t\t<div class=\"elementor-element elementor-element-026cc59 elementor-widget__width-initial elementor-widget elementor-widget-text-editor\" data-id=\"026cc59\" data-element_type=\"widget\" data-widget_type=\"text-editor.default\">\n\t\t\t\t<div class=\"elementor-widget-container\">\n\t\t\t\t\t\t\t\t\t<p>\u00a0<\/p><div><div style=\"color: #222222; font-family: Arial, Helvetica, sans-serif; font-size: small;\">\u00a0<\/div><\/div>\t\t\t\t\t\t\t\t<\/div>\n\t\t\t\t<\/div>\n\t\t\t\t\t<\/div>\n\t\t<\/div>\n\t\t\t\t\t<\/div>\n\t\t<\/section>\n\t\t\t\t\t<\/div>\n\t\t<\/div>\n\t\t\t\t\t<\/div>\n\t\t<\/section>\n\t\t\t\t<\/div>","protected":false},"excerpt":{"rendered":"<p>TULE MEILLE T\u00d6IHIN sinustako pulpilainen? Haemme jatkuvasti uusia lahjakkaita ty\u00f6ntekij\u00f6it\u00e4 palvelukseemme niin kokoaikaiseen suhteeseen kuin freelancereiksi erilaisiin teht\u00e4viin. Kerro mik\u00e4 on juuri sinun supervoimasi, ja miksi soveltuisit hyvin dynaamiseen ja alati uusia haasteita tarjoavaan ty\u00f6ymp\u00e4rist\u00f6\u00f6n Suomen johtavassa vaikuttavien kohtaamisten tapahtumatoimistossa \u2013 ja voit saada paikan alan n\u00e4k\u00f6alapaikalta! L\u00e4het\u00e4 vapaa hakemuksesi\u00a0osoitteeseen\u00a0rekry@pulp.fi Haemme asiakaspalvelijoita ja myyji\u00e4 kasvavaan [&hellip;]<\/p>","protected":false},"author":3,"featured_media":189,"parent":0,"menu_order":8,"comment_status":"closed","ping_status":"closed","template":"","meta":{"_acf_changed":false,"footnotes":""},"class_list":["post-173","page","type-page","status-publish","has-post-thumbnail","hentry"],"acf":[],"_links":{"self":[{"href":"https:\/\/pulp.fi\/en\/wp-json\/wp\/v2\/pages\/173","targetHints":{"allow":["GET"]}}],"collection":[{"href":"https:\/\/pulp.fi\/en\/wp-json\/wp\/v2\/pages"}],"about":[{"href":"https:\/\/pulp.fi\/en\/wp-json\/wp\/v2\/types\/page"}],"author":[{"embeddable":true,"href":"https:\/\/pulp.fi\/en\/wp-json\/wp\/v2\/users\/3"}],"replies":[{"embeddable":true,"href":"https:\/\/pulp.fi\/en\/wp-json\/wp\/v2\/comments?post=173"}],"version-history":[{"count":317,"href":"https:\/\/pulp.fi\/en\/wp-json\/wp\/v2\/pages\/173\/revisions"}],"predecessor-version":[{"id":5405,"href":"https:\/\/pulp.fi\/en\/wp-json\/wp\/v2\/pages\/173\/revisions\/5405"}],"wp:featuredmedia":[{"embeddable":true,"href":"https:\/\/pulp.fi\/en\/wp-json\/wp\/v2\/media\/189"}],"wp:attachment":[{"href":"https:\/\/pulp.fi\/en\/wp-json\/wp\/v2\/media?parent=173"}],"curies":[{"name":"wp","href":"https:\/\/api.w.org\/{rel}","templated":true}]}}