{"id":111,"date":"2020-04-07T14:09:38","date_gmt":"2020-04-07T11:09:38","guid":{"rendered":"https:\/\/pulp.fi\/?page_id=111"},"modified":"2020-11-19T11:16:38","modified_gmt":"2020-11-19T09:16:38","slug":"palvelut","status":"publish","type":"page","link":"https:\/\/pulp.fi\/en\/palvelut\/","title":{"rendered":"Palvelut"},"content":{"rendered":"<div data-elementor-type=\"wp-page\" data-elementor-id=\"111\" class=\"elementor elementor-111\" data-elementor-post-type=\"page\">\n\t\t\t\t\t\t<section class=\"elementor-section elementor-top-section elementor-element elementor-element-60d200c6 elementor-section-height-min-height elementor-section-boxed elementor-section-height-default elementor-section-items-middle\" data-id=\"60d200c6\" data-element_type=\"section\" data-settings=\"{&quot;background_background&quot;:&quot;classic&quot;}\">\n\t\t\t\t\t\t<div class=\"elementor-container elementor-column-gap-default\">\n\t\t\t\t\t<div class=\"elementor-column elementor-col-100 elementor-top-column elementor-element elementor-element-56a78728\" data-id=\"56a78728\" data-element_type=\"column\">\n\t\t\t<div class=\"elementor-widget-wrap elementor-element-populated\">\n\t\t\t\t\t\t<section class=\"elementor-section elementor-inner-section elementor-element elementor-element-5f5d0bfb elementor-section-boxed elementor-section-height-default elementor-section-height-default\" data-id=\"5f5d0bfb\" data-element_type=\"section\">\n\t\t\t\t\t\t<div class=\"elementor-container elementor-column-gap-default\">\n\t\t\t\t\t<div class=\"elementor-column elementor-col-100 elementor-inner-column elementor-element elementor-element-41aef94e\" data-id=\"41aef94e\" data-element_type=\"column\">\n\t\t\t<div class=\"elementor-widget-wrap elementor-element-populated\">\n\t\t\t\t\t\t<div class=\"elementor-element elementor-element-183b2cd4 elementor-widget elementor-widget-heading\" data-id=\"183b2cd4\" data-element_type=\"widget\" data-widget_type=\"heading.default\">\n\t\t\t\t<div class=\"elementor-widget-container\">\n\t\t\t\t\t<h1 class=\"elementor-heading-title elementor-size-default\">Palvelut<\/h1>\t\t\t\t<\/div>\n\t\t\t\t<\/div>\n\t\t\t\t\t<\/div>\n\t\t<\/div>\n\t\t\t\t\t<\/div>\n\t\t<\/section>\n\t\t\t\t\t<\/div>\n\t\t<\/div>\n\t\t\t\t\t<\/div>\n\t\t<\/section>\n\t\t\t\t<section class=\"elementor-section elementor-top-section elementor-element elementor-element-dd997ad elementor-section-boxed elementor-section-height-default elementor-section-height-default\" data-id=\"dd997ad\" data-element_type=\"section\" data-settings=\"{&quot;background_background&quot;:&quot;classic&quot;}\">\n\t\t\t\t\t\t<div class=\"elementor-container elementor-column-gap-default\">\n\t\t\t\t\t<div class=\"elementor-column elementor-col-100 elementor-top-column elementor-element elementor-element-6befe3a\" data-id=\"6befe3a\" data-element_type=\"column\">\n\t\t\t<div class=\"elementor-widget-wrap elementor-element-populated\">\n\t\t\t\t\t\t<section class=\"elementor-section elementor-inner-section elementor-element elementor-element-ae1f803 elementor-section-boxed elementor-section-height-default elementor-section-height-default\" data-id=\"ae1f803\" data-element_type=\"section\">\n\t\t\t\t\t\t<div class=\"elementor-container elementor-column-gap-default\">\n\t\t\t\t\t<div class=\"elementor-column elementor-col-100 elementor-inner-column elementor-element elementor-element-51f4712\" data-id=\"51f4712\" data-element_type=\"column\">\n\t\t\t<div class=\"elementor-widget-wrap elementor-element-populated\">\n\t\t\t\t\t\t\t<\/div>\n\t\t<\/div>\n\t\t\t\t\t<\/div>\n\t\t<\/section>\n\t\t\t\t<section class=\"elementor-section elementor-inner-section elementor-element elementor-element-b408f0b elementor-section-boxed elementor-section-height-default elementor-section-height-default\" data-id=\"b408f0b\" data-element_type=\"section\">\n\t\t\t\t\t\t<div class=\"elementor-container elementor-column-gap-extended\">\n\t\t\t\t\t<div class=\"elementor-column elementor-col-50 elementor-inner-column elementor-element elementor-element-f9895f3\" data-id=\"f9895f3\" data-element_type=\"column\">\n\t\t\t<div class=\"elementor-widget-wrap elementor-element-populated\">\n\t\t\t\t\t\t<div class=\"elementor-element elementor-element-0984df8 elementor-vertical-align-top elementor-widget elementor-widget-image-box\" data-id=\"0984df8\" data-element_type=\"widget\" data-widget_type=\"image-box.default\">\n\t\t\t\t<div class=\"elementor-widget-container\">\n\t\t\t\t\t<div class=\"elementor-image-box-wrapper\"><div class=\"elementor-image-box-content\"><h3 class=\"elementor-image-box-title\">Jakelutiemarkkinointi<\/h3><p class=\"elementor-image-box-description\">Varmista, ett\u00e4 tuotteesi ja palvelusi saa arvoisensa huomion, siit\u00e4 kiinnostutaan ja se k\u00e4y kaupaksi. Mittaamme vuosittain l\u00e4hes 2.5 miljoonaa kohtaamista. Tutkimme ja kehit\u00e4mme kohtaamisten vaikuttavuutta, jotta asiakkaamme saavuttaisivat parempia tuloksia samassa ajassa ja samalla rahalla. <\/p><\/div><\/div>\t\t\t\t<\/div>\n\t\t\t\t<\/div>\n\t\t\t\t\t<\/div>\n\t\t<\/div>\n\t\t\t\t<div class=\"elementor-column elementor-col-50 elementor-inner-column elementor-element elementor-element-ab05e9c\" data-id=\"ab05e9c\" data-element_type=\"column\">\n\t\t\t<div class=\"elementor-widget-wrap elementor-element-populated\">\n\t\t\t\t\t\t<div class=\"elementor-element elementor-element-cdd856b elementor-vertical-align-top elementor-widget elementor-widget-image-box\" data-id=\"cdd856b\" data-element_type=\"widget\" data-widget_type=\"image-box.default\">\n\t\t\t\t<div class=\"elementor-widget-container\">\n\t\t\t\t\t<div class=\"elementor-image-box-wrapper\"><div class=\"elementor-image-box-content\"><h3 class=\"elementor-image-box-title\">Tapahtumat<\/h3><p class=\"elementor-image-box-description\">Onnistuneen tapahtuman hyv\u00e4n ilmapiirin, tunnelman ja toimivuuden taustalla on otettu huomioon lukuisia pieni\u00e4 yksityiskohtia. Kaikkien yksityiskohtien on toimittava saumattomasti, jotta saavutetaan tapahtumalle asetetut tavoitteet.<\/p><\/div><\/div>\t\t\t\t<\/div>\n\t\t\t\t<\/div>\n\t\t\t\t\t<\/div>\n\t\t<\/div>\n\t\t\t\t\t<\/div>\n\t\t<\/section>\n\t\t\t\t<section class=\"elementor-section elementor-inner-section elementor-element elementor-element-52c5f1e elementor-section-boxed elementor-section-height-default elementor-section-height-default\" data-id=\"52c5f1e\" data-element_type=\"section\">\n\t\t\t\t\t\t<div class=\"elementor-container elementor-column-gap-default\">\n\t\t\t\t\t<div class=\"elementor-column elementor-col-50 elementor-inner-column elementor-element elementor-element-d836f5c\" data-id=\"d836f5c\" data-element_type=\"column\">\n\t\t\t<div class=\"elementor-widget-wrap elementor-element-populated\">\n\t\t\t\t\t\t<div class=\"elementor-element elementor-element-4f37cc9 elementor-vertical-align-top elementor-widget elementor-widget-image-box\" data-id=\"4f37cc9\" data-element_type=\"widget\" data-widget_type=\"image-box.default\">\n\t\t\t\t<div class=\"elementor-widget-container\">\n\t\t\t\t\t<div class=\"elementor-image-box-wrapper\"><div class=\"elementor-image-box-content\"><h3 class=\"elementor-image-box-title\">Virtuaalitapahtumat<\/h3><p class=\"elementor-image-box-description\">Virtuaalitapahtuman keinoin luomme asiakkaillemme aivan uudenlaisia mahdollisuuksia kohdata omia kohderyhmi\u00e4\u00e4n ja tehd\u00e4 heihin vaikutuksen yll\u00e4tt\u00e4v\u00e4ll\u00e4, inspiroivalla ja vastaanottajaa kunnioittavalla tavalla.  Tiloihimme rakennetut kaksi hyvin varusteltua studiota mahdollistavat liiketoimintasi kasvattamisen niin t\u00e4\u00e4ll\u00e4 kotimaassa kuin kansainv\u00e4lisill\u00e4 markkinoilla. <\/p><\/div><\/div>\t\t\t\t<\/div>\n\t\t\t\t<\/div>\n\t\t\t\t\t<\/div>\n\t\t<\/div>\n\t\t\t\t<div class=\"elementor-column elementor-col-50 elementor-inner-column elementor-element elementor-element-902915b\" data-id=\"902915b\" data-element_type=\"column\">\n\t\t\t<div class=\"elementor-widget-wrap elementor-element-populated\">\n\t\t\t\t\t\t<div class=\"elementor-element elementor-element-d149ee9 elementor-vertical-align-top elementor-widget elementor-widget-image-box\" data-id=\"d149ee9\" data-element_type=\"widget\" data-widget_type=\"image-box.default\">\n\t\t\t\t<div class=\"elementor-widget-container\">\n\t\t\t\t\t<div class=\"elementor-image-box-wrapper\"><div class=\"elementor-image-box-content\"><h3 class=\"elementor-image-box-title\">Messut<\/h3><p class=\"elementor-image-box-description\">Tarkoituksenmukainen messuratkaisu tarvitsee tuekseen hiotun messustrategian, jolla varmistamme, ett\u00e4 saamme yrityksesi osastolle p\u00e4\u00e4s\u00e4\u00e4nt\u00f6isesti haluttua ostavaa kohderyhm\u00e4\u00e4, saamme myyntikeskustelua aikaiseksi sek\u00e4 ker\u00e4tty\u00e4 liidej\u00e4 j\u00e4lkimarkkinointia ja myynti\u00e4 varten.<\/p><\/div><\/div>\t\t\t\t<\/div>\n\t\t\t\t<\/div>\n\t\t\t\t\t<\/div>\n\t\t<\/div>\n\t\t\t\t\t<\/div>\n\t\t<\/section>\n\t\t\t\t\t<\/div>\n\t\t<\/div>\n\t\t\t\t\t<\/div>\n\t\t<\/section>\n\t\t\t\t<\/div>","protected":false},"excerpt":{"rendered":"<p>Palvelut Jakelutiemarkkinointi Varmista, ett\u00e4 tuotteesi ja palvelusi saa arvoisensa huomion, siit\u00e4 kiinnostutaan ja se k\u00e4y kaupaksi. Mittaamme vuosittain l\u00e4hes 2.5 miljoonaa kohtaamista. Tutkimme ja kehit\u00e4mme kohtaamisten vaikuttavuutta, jotta asiakkaamme saavuttaisivat parempia tuloksia samassa ajassa ja samalla rahalla. Tapahtumat Onnistuneen tapahtuman hyv\u00e4n ilmapiirin, tunnelman ja toimivuuden taustalla on otettu huomioon lukuisia pieni\u00e4 yksityiskohtia. Kaikkien yksityiskohtien on [&hellip;]<\/p>","protected":false},"author":3,"featured_media":0,"parent":0,"menu_order":6,"comment_status":"closed","ping_status":"closed","template":"","meta":{"_acf_changed":false,"footnotes":""},"class_list":["post-111","page","type-page","status-publish","hentry"],"acf":[],"_links":{"self":[{"href":"https:\/\/pulp.fi\/en\/wp-json\/wp\/v2\/pages\/111","targetHints":{"allow":["GET"]}}],"collection":[{"href":"https:\/\/pulp.fi\/en\/wp-json\/wp\/v2\/pages"}],"about":[{"href":"https:\/\/pulp.fi\/en\/wp-json\/wp\/v2\/types\/page"}],"author":[{"embeddable":true,"href":"https:\/\/pulp.fi\/en\/wp-json\/wp\/v2\/users\/3"}],"replies":[{"embeddable":true,"href":"https:\/\/pulp.fi\/en\/wp-json\/wp\/v2\/comments?post=111"}],"version-history":[{"count":20,"href":"https:\/\/pulp.fi\/en\/wp-json\/wp\/v2\/pages\/111\/revisions"}],"predecessor-version":[{"id":749,"href":"https:\/\/pulp.fi\/en\/wp-json\/wp\/v2\/pages\/111\/revisions\/749"}],"wp:attachment":[{"href":"https:\/\/pulp.fi\/en\/wp-json\/wp\/v2\/media?parent=111"}],"curies":[{"name":"wp","href":"https:\/\/api.w.org\/{rel}","templated":true}]}}